{"id":565,"date":"2025-12-02T10:44:45","date_gmt":"2025-12-02T09:44:45","guid":{"rendered":"https:\/\/florianfrison.com\/?page_id=565"},"modified":"2026-04-13T22:14:01","modified_gmt":"2026-04-13T20:14:01","slug":"acces-clients","status":"publish","type":"page","link":"https:\/\/florianfrison.com\/en\/acces-clients\/","title":{"rendered":"ACC\u00c8S CLIENTS"},"content":{"rendered":"<p>[et_pb_section fb_built=\u00a0\u00bb1&Prime; _builder_version=\u00a0\u00bb4.27.4&Prime; custom_padding=\u00a0\u00bb100px||0px||false|false\u00a0\u00bb global_colors_info=\u00a0\u00bb{}\u00a0\u00bb][et_pb_row _builder_version=\u00a0\u00bb4.27.4&Prime; _module_preset=\u00a0\u00bbdefault\u00a0\u00bb global_colors_info=\u00a0\u00bb{}\u00a0\u00bb][et_pb_column type=\u00a0\u00bb4_4&Prime; _builder_version=\u00a0\u00bb4.27.4&Prime; _module_preset=\u00a0\u00bbdefault\u00a0\u00bb global_colors_info=\u00a0\u00bb{}\u00a0\u00bb][et_pb_text _builder_version=\u00a0\u00bb4.27.4&Prime; _module_preset=\u00a0\u00bbdefault\u00a0\u00bb header_font_size=\u00a0\u00bb60px\u00a0\u00bb custom_margin=\u00a0\u00bb||100px||false|false\u00a0\u00bb header_font_size_tablet=\u00a0\u00bb60px\u00a0\u00bb header_font_size_phone=\u00a0\u00bb30px\u00a0\u00bb header_font_size_last_edited=\u00a0\u00bbon|phone\u00a0\u00bb global_colors_info=\u00a0\u00bb{}\u00a0\u00bb]<\/p>\n<h1 style=\"text-align: center;\">VOS SOUVENIRS<\/h1>\n<p style=\"text-align: center;\">L&rsquo;histoire continue ici. Connectez-vous pour revivre chaque instant et partager vos images.<\/p>\n<p>[\/et_pb_text][\/et_pb_column][\/et_pb_row][et_pb_row _builder_version=\u00a0\u00bb4.27.6&Prime; _module_preset=\u00a0\u00bbdefault\u00a0\u00bb hover_enabled=\u00a0\u00bb0&Prime; global_colors_info=\u00a0\u00bb{}\u00a0\u00bb use_custom_gutter=\u00a0\u00bbon\u00a0\u00bb gutter_width=\u00a0\u00bb1&Prime; width=\u00a0\u00bb100%\u00a0\u00bb max_width=\u00a0\u00bb100%\u00a0\u00bb sticky_enabled=\u00a0\u00bb0&Prime;][et_pb_column type=\u00a0\u00bb4_4&Prime; _builder_version=\u00a0\u00bb4.27.6&Prime; _module_preset=\u00a0\u00bbdefault\u00a0\u00bb global_colors_info=\u00a0\u00bb{}\u00a0\u00bb][et_pb_code _builder_version=\u00a0\u00bb4.27.6&Prime; _module_preset=\u00a0\u00bbdefault\u00a0\u00bb global_colors_info=\u00a0\u00bb{}\u00a0\u00bb]<script src='https:\/\/embedding.pic-time.com\/pictures\/scripts\/compiled\/artgalleryembed.js'><\/script><iframe frameborder='0' id='pictimeIntegration'  style='width:100%;height:100%' class=\"lws-optimize-lazyload\" data-src='https:\/\/florianfrisonphotography.pic-time.com\/client?headless=true'><\/iframe>[\/et_pb_code][\/et_pb_column][\/et_pb_row][\/et_pb_section]<\/p>\n","protected":false},"excerpt":{"rendered":"<p>VOS SOUVENIRS L&rsquo;histoire continue ici. Connectez-vous pour revivre chaque instant et partager vos images.<\/p>","protected":false},"author":1,"featured_media":0,"parent":0,"menu_order":0,"comment_status":"closed","ping_status":"closed","template":"","meta":{"_et_pb_use_builder":"on","_et_pb_old_content":"","_et_gb_content_width":"","footnotes":""},"class_list":["post-565","page","type-page","status-publish","hentry"],"yoast_head":"<!-- This site is optimized with the Yoast SEO plugin v27.4 - https:\/\/yoast.com\/product\/yoast-seo-wordpress\/ -->\n<title>Acc\u00e8s Clients &amp; Galeries Priv\u00e9es | Florian Frison Photographe<\/title>\n<meta name=\"description\" content=\"Acc\u00e9dez \u00e0 votre espace s\u00e9curis\u00e9. Visionnez et t\u00e9l\u00e9chargez les photos de votre mariage ou s\u00e9ance portrait. Replongez dans l&#039;\u00e9motion.\" \/>\n<meta name=\"robots\" content=\"index, follow, max-snippet:-1, max-image-preview:large, max-video-preview:-1\" \/>\n<link rel=\"canonical\" href=\"https:\/\/florianfrison.com\/en\/acces-clients\/\" \/>\n<meta property=\"og:locale\" content=\"en_GB\" \/>\n<meta property=\"og:type\" content=\"article\" \/>\n<meta property=\"og:title\" content=\"Acc\u00e8s Clients &amp; Galeries Priv\u00e9es | Florian Frison Photographe\" \/>\n<meta property=\"og:description\" content=\"Acc\u00e9dez \u00e0 votre espace s\u00e9curis\u00e9. Visionnez et t\u00e9l\u00e9chargez les photos de votre mariage ou s\u00e9ance portrait. Replongez dans l&#039;\u00e9motion.\" \/>\n<meta property=\"og:url\" content=\"https:\/\/florianfrison.com\/en\/acces-clients\/\" \/>\n<meta property=\"og:site_name\" content=\"Florian FRISON - Photography\" \/>\n<meta property=\"article:publisher\" content=\"https:\/\/www.facebook.com\/Flotographie73000\" \/>\n<meta property=\"article:modified_time\" content=\"2026-04-13T20:14:01+00:00\" \/>\n<meta name=\"twitter:card\" content=\"summary_large_image\" \/>\n<meta name=\"twitter:site\" content=\"@flotographie73\" \/>\n<script type=\"application\/ld+json\" class=\"yoast-schema-graph\">{\"@context\":\"https:\\\/\\\/schema.org\",\"@graph\":[{\"@type\":\"WebPage\",\"@id\":\"https:\\\/\\\/florianfrison.com\\\/acces-clients\\\/\",\"url\":\"https:\\\/\\\/florianfrison.com\\\/acces-clients\\\/\",\"name\":\"Acc\u00e8s Clients & Galeries Priv\u00e9es | Florian Frison Photographe\",\"isPartOf\":{\"@id\":\"https:\\\/\\\/florianfrison.com\\\/#website\"},\"datePublished\":\"2025-12-02T09:44:45+00:00\",\"dateModified\":\"2026-04-13T20:14:01+00:00\",\"description\":\"Acc\u00e9dez \u00e0 votre espace s\u00e9curis\u00e9. Visionnez et t\u00e9l\u00e9chargez les photos de votre mariage ou s\u00e9ance portrait. Replongez dans l'\u00e9motion.\",\"breadcrumb\":{\"@id\":\"https:\\\/\\\/florianfrison.com\\\/acces-clients\\\/#breadcrumb\"},\"inLanguage\":\"en-GB\",\"potentialAction\":[{\"@type\":\"ReadAction\",\"target\":[\"https:\\\/\\\/florianfrison.com\\\/acces-clients\\\/\"]}]},{\"@type\":\"BreadcrumbList\",\"@id\":\"https:\\\/\\\/florianfrison.com\\\/acces-clients\\\/#breadcrumb\",\"itemListElement\":[{\"@type\":\"ListItem\",\"position\":1,\"name\":\"Home\",\"item\":\"https:\\\/\\\/florianfrison.com\\\/\"},{\"@type\":\"ListItem\",\"position\":2,\"name\":\"ACC\u00c8S CLIENTS\"}]},{\"@type\":\"WebSite\",\"@id\":\"https:\\\/\\\/florianfrison.com\\\/#website\",\"url\":\"https:\\\/\\\/florianfrison.com\\\/\",\"name\":\"Florian FRISON - Photography\",\"description\":\"Photographe de Mariage &amp; Lifestyle \u2013 Provence &amp; Savoie\",\"publisher\":{\"@id\":\"https:\\\/\\\/florianfrison.com\\\/#organization\"},\"alternateName\":\"Florian FRISON\",\"potentialAction\":[{\"@type\":\"SearchAction\",\"target\":{\"@type\":\"EntryPoint\",\"urlTemplate\":\"https:\\\/\\\/florianfrison.com\\\/?s={search_term_string}\"},\"query-input\":{\"@type\":\"PropertyValueSpecification\",\"valueRequired\":true,\"valueName\":\"search_term_string\"}}],\"inLanguage\":\"en-GB\"},{\"@type\":\"Organization\",\"@id\":\"https:\\\/\\\/florianfrison.com\\\/#organization\",\"name\":\"Florian FRISON - Photography\",\"alternateName\":\"Florian FRISON\",\"url\":\"https:\\\/\\\/florianfrison.com\\\/\",\"logo\":{\"@type\":\"ImageObject\",\"inLanguage\":\"en-GB\",\"@id\":\"https:\\\/\\\/florianfrison.com\\\/#\\\/schema\\\/logo\\\/image\\\/\",\"url\":\"https:\\\/\\\/florianfrison.com\\\/wp-content\\\/uploads\\\/2025\\\/11\\\/LogoNoircompresse.png\",\"contentUrl\":\"https:\\\/\\\/florianfrison.com\\\/wp-content\\\/uploads\\\/2025\\\/11\\\/LogoNoircompresse.png\",\"width\":500,\"height\":389,\"caption\":\"Florian FRISON - Photography\"},\"image\":{\"@id\":\"https:\\\/\\\/florianfrison.com\\\/#\\\/schema\\\/logo\\\/image\\\/\"},\"sameAs\":[\"https:\\\/\\\/www.facebook.com\\\/Flotographie73000\",\"https:\\\/\\\/x.com\\\/flotographie73\",\"https:\\\/\\\/www.instagram.com\\\/florianfrisonphoto\\\/\",\"https:\\\/\\\/www.linkedin.com\\\/company\\\/69712919\"]}]}<\/script>\n<!-- \/ Yoast SEO plugin. -->","yoast_head_json":{"title":"Acc\u00e8s Clients & Galeries Priv\u00e9es | Florian Frison Photographe","description":"Acc\u00e9dez \u00e0 votre espace s\u00e9curis\u00e9. Visionnez et t\u00e9l\u00e9chargez les photos de votre mariage ou s\u00e9ance portrait. Replongez dans l'\u00e9motion.","robots":{"index":"index","follow":"follow","max-snippet":"max-snippet:-1","max-image-preview":"max-image-preview:large","max-video-preview":"max-video-preview:-1"},"canonical":"https:\/\/florianfrison.com\/en\/acces-clients\/","og_locale":"en_GB","og_type":"article","og_title":"Acc\u00e8s Clients & Galeries Priv\u00e9es | Florian Frison Photographe","og_description":"Acc\u00e9dez \u00e0 votre espace s\u00e9curis\u00e9. Visionnez et t\u00e9l\u00e9chargez les photos de votre mariage ou s\u00e9ance portrait. Replongez dans l'\u00e9motion.","og_url":"https:\/\/florianfrison.com\/en\/acces-clients\/","og_site_name":"Florian FRISON - Photography","article_publisher":"https:\/\/www.facebook.com\/Flotographie73000","article_modified_time":"2026-04-13T20:14:01+00:00","twitter_card":"summary_large_image","twitter_site":"@flotographie73","schema":{"@context":"https:\/\/schema.org","@graph":[{"@type":"WebPage","@id":"https:\/\/florianfrison.com\/acces-clients\/","url":"https:\/\/florianfrison.com\/acces-clients\/","name":"Acc\u00e8s Clients & Galeries Priv\u00e9es | Florian Frison Photographe","isPartOf":{"@id":"https:\/\/florianfrison.com\/#website"},"datePublished":"2025-12-02T09:44:45+00:00","dateModified":"2026-04-13T20:14:01+00:00","description":"Acc\u00e9dez \u00e0 votre espace s\u00e9curis\u00e9. Visionnez et t\u00e9l\u00e9chargez les photos de votre mariage ou s\u00e9ance portrait. Replongez dans l'\u00e9motion.","breadcrumb":{"@id":"https:\/\/florianfrison.com\/acces-clients\/#breadcrumb"},"inLanguage":"en-GB","potentialAction":[{"@type":"ReadAction","target":["https:\/\/florianfrison.com\/acces-clients\/"]}]},{"@type":"BreadcrumbList","@id":"https:\/\/florianfrison.com\/acces-clients\/#breadcrumb","itemListElement":[{"@type":"ListItem","position":1,"name":"Home","item":"https:\/\/florianfrison.com\/"},{"@type":"ListItem","position":2,"name":"ACC\u00c8S CLIENTS"}]},{"@type":"WebSite","@id":"https:\/\/florianfrison.com\/#website","url":"https:\/\/florianfrison.com\/","name":"Florian FRISON - Photography","description":"Wedding &amp; Lifestyle Photographer \u2013 Provence &amp; French Alps","publisher":{"@id":"https:\/\/florianfrison.com\/#organization"},"alternateName":"Florian FRISON","potentialAction":[{"@type":"SearchAction","target":{"@type":"EntryPoint","urlTemplate":"https:\/\/florianfrison.com\/?s={search_term_string}"},"query-input":{"@type":"PropertyValueSpecification","valueRequired":true,"valueName":"search_term_string"}}],"inLanguage":"en-GB"},{"@type":"Organization","@id":"https:\/\/florianfrison.com\/#organization","name":"Florian FRISON - Photography","alternateName":"Florian FRISON","url":"https:\/\/florianfrison.com\/","logo":{"@type":"ImageObject","inLanguage":"en-GB","@id":"https:\/\/florianfrison.com\/#\/schema\/logo\/image\/","url":"https:\/\/florianfrison.com\/wp-content\/uploads\/2025\/11\/LogoNoircompresse.png","contentUrl":"https:\/\/florianfrison.com\/wp-content\/uploads\/2025\/11\/LogoNoircompresse.png","width":500,"height":389,"caption":"Florian FRISON - Photography"},"image":{"@id":"https:\/\/florianfrison.com\/#\/schema\/logo\/image\/"},"sameAs":["https:\/\/www.facebook.com\/Flotographie73000","https:\/\/x.com\/flotographie73","https:\/\/www.instagram.com\/florianfrisonphoto\/","https:\/\/www.linkedin.com\/company\/69712919"]}]}},"_links":{"self":[{"href":"https:\/\/florianfrison.com\/en\/wp-json\/wp\/v2\/pages\/565","targetHints":{"allow":["GET"]}}],"collection":[{"href":"https:\/\/florianfrison.com\/en\/wp-json\/wp\/v2\/pages"}],"about":[{"href":"https:\/\/florianfrison.com\/en\/wp-json\/wp\/v2\/types\/page"}],"author":[{"embeddable":true,"href":"https:\/\/florianfrison.com\/en\/wp-json\/wp\/v2\/users\/1"}],"replies":[{"embeddable":true,"href":"https:\/\/florianfrison.com\/en\/wp-json\/wp\/v2\/comments?post=565"}],"version-history":[{"count":7,"href":"https:\/\/florianfrison.com\/en\/wp-json\/wp\/v2\/pages\/565\/revisions"}],"predecessor-version":[{"id":1157,"href":"https:\/\/florianfrison.com\/en\/wp-json\/wp\/v2\/pages\/565\/revisions\/1157"}],"wp:attachment":[{"href":"https:\/\/florianfrison.com\/en\/wp-json\/wp\/v2\/media?parent=565"}],"curies":[{"name":"wp","href":"https:\/\/api.w.org\/{rel}","templated":true}]}}