{"id":42,"date":"2025-11-28T16:10:43","date_gmt":"2025-11-28T15:10:43","guid":{"rendered":"https:\/\/florianfrison.com\/?page_id=42"},"modified":"2026-03-23T17:39:29","modified_gmt":"2026-03-23T16:39:29","slug":"blog","status":"publish","type":"page","link":"https:\/\/florianfrison.com\/en\/blog\/","title":{"rendered":"STORIES"},"content":{"rendered":"<p>[et_pb_section fb_built=\u00a0\u00bb1&Prime; _builder_version=\u00a0\u00bb4.27.4&Prime; _module_preset=\u00a0\u00bbdefault\u00a0\u00bb global_colors_info=\u00a0\u00bb{}\u00a0\u00bb][et_pb_row _builder_version=\u00a0\u00bb4.27.4&Prime; _module_preset=\u00a0\u00bbdefault\u00a0\u00bb global_colors_info=\u00a0\u00bb{}\u00a0\u00bb][et_pb_column type=\u00a0\u00bb4_4&Prime; _builder_version=\u00a0\u00bb4.27.4&Prime; _module_preset=\u00a0\u00bbdefault\u00a0\u00bb global_colors_info=\u00a0\u00bb{}\u00a0\u00bb][et_pb_text _builder_version=\u00a0\u00bb4.27.4&Prime; _module_preset=\u00a0\u00bbdefault\u00a0\u00bb global_colors_info=\u00a0\u00bb{}\u00a0\u00bb]<\/p>\n<h1 style=\"text-align: center;\">LE JOURNAL<\/h1>\n<p>[\/et_pb_text][et_pb_text _builder_version=\u00a0\u00bb4.27.4&Prime; _module_preset=\u00a0\u00bbdefault\u00a0\u00bb global_colors_info=\u00a0\u00bb{}\u00a0\u00bb]<\/p>\n<p data-path-to-node=\"6,0\" style=\"text-align: center;\">Bienvenue dans mon carnet de bord. Ici, je partage avec vous les <b>histoires compl\u00e8tes<\/b> de mes derniers mariages en Provence et Savoie, pour que vous puissiez voir la r\u00e9alit\u00e9 d&rsquo;un reportage au-del\u00e0 des meilleures photos.<\/p>\n<p data-path-to-node=\"6,1\" style=\"text-align: center;\">Vous trouverez \u00e9galement mes <b>conseils de photographe professionnel<\/b> pour vous aider \u00e0 pr\u00e9parer votre jour J : astuces planning, id\u00e9es pour vos s\u00e9ances couple, et inspirations pour faire de votre \u00e9v\u00e9nement un moment inoubliable.\u00a0\u00bb<\/p>\n<p>[\/et_pb_text][et_pb_blog fullwidth=\u00a0\u00bboff\u00a0\u00bb posts_number=\u00a0\u00bb9&Prime; include_categories=\u00a0\u00bball\u00a0\u00bb meta_date=\u00a0\u00bbj F Y\u00a0\u00bb use_manual_excerpt=\u00a0\u00bboff\u00a0\u00bb show_more=\u00a0\u00bbon\u00a0\u00bb _builder_version=\u00a0\u00bb4.27.6&Prime; _module_preset=\u00a0\u00bbdefault\u00a0\u00bb header_font=\u00a0\u00bbMontserrat|700|||||||\u00a0\u00bb hover_enabled=\u00a0\u00bb0&Prime; global_colors_info=\u00a0\u00bb{}\u00a0\u00bb sticky_enabled=\u00a0\u00bb0&Prime;][\/et_pb_blog][\/et_pb_column][\/et_pb_row][\/et_pb_section]<\/p>\n","protected":false},"excerpt":{"rendered":"<p>LE JOURNALBienvenue dans mon carnet de bord. Ici, je partage avec vous les histoires compl\u00e8tes de mes derniers mariages en Provence et Savoie, pour que vous puissiez voir la r\u00e9alit\u00e9 d&rsquo;un reportage au-del\u00e0 des meilleures photos. Vous trouverez \u00e9galement mes conseils de photographe professionnel pour vous aider \u00e0 pr\u00e9parer votre jour J : astuces planning, [&hellip;]<\/p>\n","protected":false},"author":1,"featured_media":0,"parent":0,"menu_order":0,"comment_status":"closed","ping_status":"closed","template":"","meta":{"_et_pb_use_builder":"on","_et_pb_old_content":"","_et_gb_content_width":"","footnotes":""},"class_list":["post-42","page","type-page","status-publish","hentry"],"yoast_head":"<!-- This site is optimized with the Yoast SEO plugin v27.4 - https:\/\/yoast.com\/product\/yoast-seo-wordpress\/ -->\n<title>Le Journal &amp; Conseils Mariage | Florian Frison Photographe<\/title>\n<meta name=\"description\" content=\"D\u00e9couvrez mes derniers reportages complets et mes conseils pour votre mariage en Provence et Savoie. Inspiration, astuces et vrais mariages.\" \/>\n<meta name=\"robots\" content=\"index, follow, max-snippet:-1, max-image-preview:large, max-video-preview:-1\" \/>\n<link rel=\"canonical\" href=\"https:\/\/florianfrison.com\/en\/blog\/\" \/>\n<meta property=\"og:locale\" content=\"en_GB\" \/>\n<meta property=\"og:type\" content=\"article\" \/>\n<meta property=\"og:title\" content=\"Le Journal &amp; Conseils Mariage | Florian Frison Photographe\" \/>\n<meta property=\"og:description\" content=\"D\u00e9couvrez mes derniers reportages complets et mes conseils pour votre mariage en Provence et Savoie. Inspiration, astuces et vrais mariages.\" \/>\n<meta property=\"og:url\" content=\"https:\/\/florianfrison.com\/en\/blog\/\" \/>\n<meta property=\"og:site_name\" content=\"Florian FRISON - Photography\" \/>\n<meta property=\"article:publisher\" content=\"https:\/\/www.facebook.com\/Flotographie73000\" \/>\n<meta property=\"article:modified_time\" content=\"2026-03-23T16:39:29+00:00\" \/>\n<meta name=\"twitter:card\" content=\"summary_large_image\" \/>\n<meta name=\"twitter:site\" content=\"@flotographie73\" \/>\n<meta name=\"twitter:label1\" content=\"Estimated reading time\" \/>\n\t<meta name=\"twitter:data1\" content=\"1 minute\" \/>\n<script type=\"application\/ld+json\" class=\"yoast-schema-graph\">{\"@context\":\"https:\\\/\\\/schema.org\",\"@graph\":[{\"@type\":\"WebPage\",\"@id\":\"https:\\\/\\\/florianfrison.com\\\/blog\\\/\",\"url\":\"https:\\\/\\\/florianfrison.com\\\/blog\\\/\",\"name\":\"Le Journal & Conseils Mariage | Florian Frison Photographe\",\"isPartOf\":{\"@id\":\"https:\\\/\\\/florianfrison.com\\\/#website\"},\"datePublished\":\"2025-11-28T15:10:43+00:00\",\"dateModified\":\"2026-03-23T16:39:29+00:00\",\"description\":\"D\u00e9couvrez mes derniers reportages complets et mes conseils pour votre mariage en Provence et Savoie. Inspiration, astuces et vrais mariages.\",\"breadcrumb\":{\"@id\":\"https:\\\/\\\/florianfrison.com\\\/blog\\\/#breadcrumb\"},\"inLanguage\":\"en-GB\",\"potentialAction\":[{\"@type\":\"ReadAction\",\"target\":[\"https:\\\/\\\/florianfrison.com\\\/blog\\\/\"]}]},{\"@type\":\"BreadcrumbList\",\"@id\":\"https:\\\/\\\/florianfrison.com\\\/blog\\\/#breadcrumb\",\"itemListElement\":[{\"@type\":\"ListItem\",\"position\":1,\"name\":\"Home\",\"item\":\"https:\\\/\\\/florianfrison.com\\\/\"},{\"@type\":\"ListItem\",\"position\":2,\"name\":\"JOURNAL\"}]},{\"@type\":\"WebSite\",\"@id\":\"https:\\\/\\\/florianfrison.com\\\/#website\",\"url\":\"https:\\\/\\\/florianfrison.com\\\/\",\"name\":\"Florian FRISON - Photography\",\"description\":\"Photographe de Mariage &amp; Lifestyle \u2013 Provence &amp; Savoie\",\"publisher\":{\"@id\":\"https:\\\/\\\/florianfrison.com\\\/#organization\"},\"alternateName\":\"Florian FRISON\",\"potentialAction\":[{\"@type\":\"SearchAction\",\"target\":{\"@type\":\"EntryPoint\",\"urlTemplate\":\"https:\\\/\\\/florianfrison.com\\\/?s={search_term_string}\"},\"query-input\":{\"@type\":\"PropertyValueSpecification\",\"valueRequired\":true,\"valueName\":\"search_term_string\"}}],\"inLanguage\":\"en-GB\"},{\"@type\":\"Organization\",\"@id\":\"https:\\\/\\\/florianfrison.com\\\/#organization\",\"name\":\"Florian FRISON - Photography\",\"alternateName\":\"Florian FRISON\",\"url\":\"https:\\\/\\\/florianfrison.com\\\/\",\"logo\":{\"@type\":\"ImageObject\",\"inLanguage\":\"en-GB\",\"@id\":\"https:\\\/\\\/florianfrison.com\\\/#\\\/schema\\\/logo\\\/image\\\/\",\"url\":\"https:\\\/\\\/florianfrison.com\\\/wp-content\\\/uploads\\\/2025\\\/11\\\/LogoNoircompresse.png\",\"contentUrl\":\"https:\\\/\\\/florianfrison.com\\\/wp-content\\\/uploads\\\/2025\\\/11\\\/LogoNoircompresse.png\",\"width\":500,\"height\":389,\"caption\":\"Florian FRISON - Photography\"},\"image\":{\"@id\":\"https:\\\/\\\/florianfrison.com\\\/#\\\/schema\\\/logo\\\/image\\\/\"},\"sameAs\":[\"https:\\\/\\\/www.facebook.com\\\/Flotographie73000\",\"https:\\\/\\\/x.com\\\/flotographie73\",\"https:\\\/\\\/www.instagram.com\\\/florianfrisonphoto\\\/\",\"https:\\\/\\\/www.linkedin.com\\\/company\\\/69712919\"]}]}<\/script>\n<!-- \/ Yoast SEO plugin. -->","yoast_head_json":{"title":"Le Journal & Conseils Mariage | Florian Frison Photographe","description":"D\u00e9couvrez mes derniers reportages complets et mes conseils pour votre mariage en Provence et Savoie. Inspiration, astuces et vrais mariages.","robots":{"index":"index","follow":"follow","max-snippet":"max-snippet:-1","max-image-preview":"max-image-preview:large","max-video-preview":"max-video-preview:-1"},"canonical":"https:\/\/florianfrison.com\/en\/blog\/","og_locale":"en_GB","og_type":"article","og_title":"Le Journal & Conseils Mariage | Florian Frison Photographe","og_description":"D\u00e9couvrez mes derniers reportages complets et mes conseils pour votre mariage en Provence et Savoie. Inspiration, astuces et vrais mariages.","og_url":"https:\/\/florianfrison.com\/en\/blog\/","og_site_name":"Florian FRISON - Photography","article_publisher":"https:\/\/www.facebook.com\/Flotographie73000","article_modified_time":"2026-03-23T16:39:29+00:00","twitter_card":"summary_large_image","twitter_site":"@flotographie73","twitter_misc":{"Estimated reading time":"1 minute"},"schema":{"@context":"https:\/\/schema.org","@graph":[{"@type":"WebPage","@id":"https:\/\/florianfrison.com\/blog\/","url":"https:\/\/florianfrison.com\/blog\/","name":"Le Journal & Conseils Mariage | Florian Frison Photographe","isPartOf":{"@id":"https:\/\/florianfrison.com\/#website"},"datePublished":"2025-11-28T15:10:43+00:00","dateModified":"2026-03-23T16:39:29+00:00","description":"D\u00e9couvrez mes derniers reportages complets et mes conseils pour votre mariage en Provence et Savoie. Inspiration, astuces et vrais mariages.","breadcrumb":{"@id":"https:\/\/florianfrison.com\/blog\/#breadcrumb"},"inLanguage":"en-GB","potentialAction":[{"@type":"ReadAction","target":["https:\/\/florianfrison.com\/blog\/"]}]},{"@type":"BreadcrumbList","@id":"https:\/\/florianfrison.com\/blog\/#breadcrumb","itemListElement":[{"@type":"ListItem","position":1,"name":"Home","item":"https:\/\/florianfrison.com\/"},{"@type":"ListItem","position":2,"name":"JOURNAL"}]},{"@type":"WebSite","@id":"https:\/\/florianfrison.com\/#website","url":"https:\/\/florianfrison.com\/","name":"Florian FRISON - Photography","description":"Wedding &amp; Lifestyle Photographer \u2013 Provence &amp; French Alps","publisher":{"@id":"https:\/\/florianfrison.com\/#organization"},"alternateName":"Florian FRISON","potentialAction":[{"@type":"SearchAction","target":{"@type":"EntryPoint","urlTemplate":"https:\/\/florianfrison.com\/?s={search_term_string}"},"query-input":{"@type":"PropertyValueSpecification","valueRequired":true,"valueName":"search_term_string"}}],"inLanguage":"en-GB"},{"@type":"Organization","@id":"https:\/\/florianfrison.com\/#organization","name":"Florian FRISON - Photography","alternateName":"Florian FRISON","url":"https:\/\/florianfrison.com\/","logo":{"@type":"ImageObject","inLanguage":"en-GB","@id":"https:\/\/florianfrison.com\/#\/schema\/logo\/image\/","url":"https:\/\/florianfrison.com\/wp-content\/uploads\/2025\/11\/LogoNoircompresse.png","contentUrl":"https:\/\/florianfrison.com\/wp-content\/uploads\/2025\/11\/LogoNoircompresse.png","width":500,"height":389,"caption":"Florian FRISON - Photography"},"image":{"@id":"https:\/\/florianfrison.com\/#\/schema\/logo\/image\/"},"sameAs":["https:\/\/www.facebook.com\/Flotographie73000","https:\/\/x.com\/flotographie73","https:\/\/www.instagram.com\/florianfrisonphoto\/","https:\/\/www.linkedin.com\/company\/69712919"]}]}},"_links":{"self":[{"href":"https:\/\/florianfrison.com\/en\/wp-json\/wp\/v2\/pages\/42","targetHints":{"allow":["GET"]}}],"collection":[{"href":"https:\/\/florianfrison.com\/en\/wp-json\/wp\/v2\/pages"}],"about":[{"href":"https:\/\/florianfrison.com\/en\/wp-json\/wp\/v2\/types\/page"}],"author":[{"embeddable":true,"href":"https:\/\/florianfrison.com\/en\/wp-json\/wp\/v2\/users\/1"}],"replies":[{"embeddable":true,"href":"https:\/\/florianfrison.com\/en\/wp-json\/wp\/v2\/comments?post=42"}],"version-history":[{"count":10,"href":"https:\/\/florianfrison.com\/en\/wp-json\/wp\/v2\/pages\/42\/revisions"}],"predecessor-version":[{"id":1102,"href":"https:\/\/florianfrison.com\/en\/wp-json\/wp\/v2\/pages\/42\/revisions\/1102"}],"wp:attachment":[{"href":"https:\/\/florianfrison.com\/en\/wp-json\/wp\/v2\/media?parent=42"}],"curies":[{"name":"wp","href":"https:\/\/api.w.org\/{rel}","templated":true}]}}