{"id":35,"date":"2025-11-28T16:06:36","date_gmt":"2025-11-28T15:06:36","guid":{"rendered":"https:\/\/florianfrison.com\/?page_id=35"},"modified":"2026-04-03T18:38:47","modified_gmt":"2026-04-03T16:38:47","slug":"contact","status":"publish","type":"page","link":"https:\/\/florianfrison.com\/en\/contact\/","title":{"rendered":"CONTACT"},"content":{"rendered":"<p>[et_pb_section fb_built=\u00a0\u00bb1&Prime; _builder_version=\u00a0\u00bb4.27.4&Prime; custom_padding=\u00a0\u00bb100px||0px||false|false\u00a0\u00bb global_colors_info=\u00a0\u00bb{}\u00a0\u00bb][et_pb_row _builder_version=\u00a0\u00bb4.27.4&Prime; _module_preset=\u00a0\u00bbdefault\u00a0\u00bb global_colors_info=\u00a0\u00bb{}\u00a0\u00bb][et_pb_column type=\u00a0\u00bb4_4&Prime; _builder_version=\u00a0\u00bb4.27.4&Prime; _module_preset=\u00a0\u00bbdefault\u00a0\u00bb global_colors_info=\u00a0\u00bb{}\u00a0\u00bb][et_pb_text _builder_version=\u00a0\u00bb4.27.4&Prime; _module_preset=\u00a0\u00bbdefault\u00a0\u00bb header_font_size=\u00a0\u00bb60px\u00a0\u00bb custom_margin=\u00a0\u00bb||100px||false|false\u00a0\u00bb header_font_size_tablet=\u00a0\u00bb60px\u00a0\u00bb header_font_size_phone=\u00a0\u00bb30px\u00a0\u00bb header_font_size_last_edited=\u00a0\u00bbon|phone\u00a0\u00bb global_colors_info=\u00a0\u00bb{}\u00a0\u00bb]<\/p>\n<h1 style=\"text-align: center;\">PARLEZ-MOI DE VOTRE PROJET<\/h1>\n<p style=\"text-align: center;\">Chaque histoire commence par une rencontre. Dites-moi tout sur la v\u00f4tre.<\/p>\n<p>[\/et_pb_text][\/et_pb_column][\/et_pb_row][et_pb_row _builder_version=\u00a0\u00bb4.27.4&Prime; _module_preset=\u00a0\u00bbdefault\u00a0\u00bb global_colors_info=\u00a0\u00bb{}\u00a0\u00bb][et_pb_column type=\u00a0\u00bb4_4&Prime; _builder_version=\u00a0\u00bb4.27.4&Prime; _module_preset=\u00a0\u00bbdefault\u00a0\u00bb global_colors_info=\u00a0\u00bb{}\u00a0\u00bb][et_pb_text _builder_version=\u00a0\u00bb4.27.4&Prime; _module_preset=\u00a0\u00bbdefault\u00a0\u00bb global_colors_info=\u00a0\u00bb{}\u00a0\u00bb]<\/p>\n<h3 style=\"text-align: center;\">CONTACT &amp; DISPONIBILIT\u00c9S<\/h3>\n<p>[\/et_pb_text][et_pb_text _builder_version=\u00a0\u00bb4.27.4&Prime; _module_preset=\u00a0\u00bbdefault\u00a0\u00bb global_colors_info=\u00a0\u00bb{}\u00a0\u00bb]<\/p>\n<p style=\"text-align: center;\">Je r\u00e9ponds personnellement \u00e0 toutes les demandes sous 24h \u00e0 48h.<\/p>\n<p style=\"text-align: center;\">Si vous n&rsquo;avez pas de r\u00e9ponse pass\u00e9 ce d\u00e9lai, pensez \u00e0 v\u00e9rifier vos spams.<\/p>\n<p>[\/et_pb_text][et_pb_text _builder_version=\u00a0\u00bb4.27.4&Prime; _module_preset=\u00a0\u00bbdefault\u00a0\u00bb global_colors_info=\u00a0\u00bb{}\u00a0\u00bb]<\/p>\n<p data-path-to-node=\"19,1,1,0,0\" style=\"text-align: center;\">\ud83d\udce7 <b><a href=\"mailto:contact@florianfrison.com\">contact@florianfrison.com<\/a><\/b><\/p>\n<p data-path-to-node=\"19,1,1,0,0\" style=\"text-align: center;\">\ud83d\udcde <b>06 82 90 14 36<\/b><\/p>\n<p data-path-to-node=\"19,1,1,0,0\" style=\"text-align: center;\">\ud83d\udccd <b>Bas\u00e9 \u00e0 Mallemort (13)<\/b> <strong>ou Chamb\u00e9ry (73)\u00a0<\/strong><\/p>\n<p data-path-to-node=\"19,1,1,0,0\" style=\"text-align: center;\"><strong>D\u00e9placements en France &amp; International.<\/strong><\/p>\n<p>[\/et_pb_text][et_pb_button button_url=\u00a0\u00bbhttps:\/\/calendar.app.google\/VawAU7huxxS9cCjj9&Prime; url_new_window=\u00a0\u00bbon\u00a0\u00bb button_text=\u00a0\u00bbR\u00e9server un appel d\u00e9couverte\u00a0\u00bb button_alignment=\u00a0\u00bbcenter\u00a0\u00bb _builder_version=\u00a0\u00bb4.27.6&Prime; _module_preset=\u00a0\u00bbdefault\u00a0\u00bb custom_button=\u00a0\u00bbon\u00a0\u00bb button_border_color=\u00a0\u00bb#1f4278&Prime; hover_enabled=\u00a0\u00bb0&Prime; global_colors_info=\u00a0\u00bb{}\u00a0\u00bb sticky_enabled=\u00a0\u00bb0&Prime;][\/et_pb_button][et_pb_code _builder_version=\u00a0\u00bb4.27.4&Prime; _module_preset=\u00a0\u00bbdefault\u00a0\u00bb global_colors_info=\u00a0\u00bb{}\u00a0\u00bb]<div class=\"frm_forms  with_frm_style frm_style_style-formidable\" id=\"frm_form_2_container\" data-token=\"a5a62cb1d5b5de6673905d48c266dc15\">\n<form enctype=\"multipart\/form-data\" method=\"post\" class=\"frm-show-form \" id=\"form_florianfrison\" data-token=\"a5a62cb1d5b5de6673905d48c266dc15\">\n<div class=\"frm_form_fields \">\n<fieldset>\n<legend class=\"frm_screen_reader\">FlorianFrison<\/legend>\r\n\r\n<div class=\"frm_fields_container\">\n<input type=\"hidden\" name=\"frm_action\" value=\"create\" \/>\n<input type=\"hidden\" name=\"form_id\" value=\"2\" \/>\n<input type=\"hidden\" name=\"frm_hide_fields_2\" id=\"frm_hide_fields_2\" value=\"\" \/>\n<input type=\"hidden\" name=\"form_key\" value=\"florianfrison\" \/>\n<input type=\"hidden\" name=\"item_meta[0]\" value=\"\" \/>\n<input type=\"hidden\" id=\"frm_submit_entry_2\" name=\"frm_submit_entry_2\" value=\"4b361b92d7\" \/><input type=\"hidden\" name=\"_wp_http_referer\" value=\"\/en\/wp-json\/wp\/v2\/pages\/35\" \/><div id=\"frm_field_8_container\" class=\"frm_form_field form-field  frm_required_field frm_top_container frm6 frm_first\">\r\n\t<label for=\"field_4eg23\" id=\"field_4eg23_label\" class=\"frm_primary_label\">Pr\u00e9nom \/ First Name\r\n\t\t<span class=\"frm_required\" aria-hidden=\"true\">*<\/span>\r\n\t<\/label>\r\n\t<input type=\"text\" id=\"field_4eg23\" name=\"item_meta[8]\" value=\"\"  placeholder=\"Pr\u00e9nom \/ First Name\" data-reqmsg=\"Pr\u00e9nom \/ First Name ne peut pas \u00eatre vide.\" aria-required=\"true\" data-invmsg=\"Pr\u00e9nom \/ First Name est non valide\" aria-invalid=\"false\"  \/>\r\n\t\r\n\t\r\n<\/div>\n<div id=\"frm_field_9_container\" class=\"frm_form_field form-field  frm_required_field frm_top_container frm6\">\r\n\t<label for=\"field_91rpa\" id=\"field_91rpa_label\" class=\"frm_primary_label\">Nom \/ Last Name\r\n\t\t<span class=\"frm_required\" aria-hidden=\"true\">*<\/span>\r\n\t<\/label>\r\n\t<input type=\"text\" id=\"field_91rpa\" name=\"item_meta[9]\" value=\"\"  placeholder=\"Nom \/ Last Name\" data-reqmsg=\"Nom \/ Last Name ne peut pas \u00eatre vide.\" aria-required=\"true\" data-invmsg=\"Nom \/ Last Name est non valide\" aria-invalid=\"false\"  \/>\r\n\t\r\n\t\r\n<\/div>\n<div id=\"frm_field_10_container\" class=\"frm_form_field form-field  frm_required_field frm_top_container frm6 frm_first\">\r\n\t<label for=\"field_1lud8\" id=\"field_1lud8_label\" class=\"frm_primary_label\">E-mail\r\n\t\t<span class=\"frm_required\" aria-hidden=\"true\">*<\/span>\r\n\t<\/label>\r\n\t<input type=\"email\" id=\"field_1lud8\" name=\"item_meta[10]\" value=\"\"  placeholder=\"E-mail\" data-reqmsg=\"E-mail ne peut pas \u00eatre vide.\" aria-required=\"true\" data-invmsg=\"E-mail est non valide\" aria-invalid=\"false\"  \/>\r\n\t\r\n\t\r\n<\/div>\n<div id=\"frm_field_11_container\" class=\"frm_form_field form-field  frm_required_field frm_top_container frm6\">\r\n\t<label for=\"field_6q01s\" id=\"field_6q01s_label\" class=\"frm_primary_label\">T\u00e9l\u00e9phone \/ Phone Number\r\n\t\t<span class=\"frm_required\" aria-hidden=\"true\">*<\/span>\r\n\t<\/label>\r\n\t<input type=\"tel\" id=\"field_6q01s\" name=\"item_meta[11]\" value=\"\"  placeholder=\"T\u00e9l\u00e9phone \/ Phone Number\" data-reqmsg=\"T\u00e9l\u00e9phone \/ Phone Number ne peut pas \u00eatre vide.\" aria-required=\"true\" data-invmsg=\"T\u00e9l\u00e9phone \/ Phone Number est non valide\" aria-invalid=\"false\" pattern=\"((\\+\\d{1,3}(-|.| )?\\(?\\d\\)?(-| |.)?\\d{1,5})|(\\(?\\d{2,6}\\)?))(-|.| )?(\\d{3,4})(-|.| )?(\\d{4})(( x| ext)\\d{1,5}){0,1}$\"  \/>\r\n\t\r\n\t\r\n<\/div>\n<div id=\"frm_field_12_container\" class=\"frm_form_field form-field  frm_top_container frm12 frm_first\">\r\n\t<label for=\"field_rdocx\" id=\"field_rdocx_label\" class=\"frm_primary_label\">Comment m'avez-vous connu ? \/  How did you hear about me?\r\n\t\t<span class=\"frm_required\" aria-hidden=\"true\"><\/span>\r\n\t<\/label>\r\n\t<input type=\"text\" id=\"field_rdocx\" name=\"item_meta[12]\" value=\"\"  placeholder=\"Comment m&#039;avez-vous connu ? \/  How did you hear about me?\" data-invmsg=\"Comment m&#039;avez-vous connu ? \/  How did you hear about me? est non valide\" aria-invalid=\"false\"  \/>\r\n\t\r\n\t\r\n<\/div>\n<div id=\"frm_field_13_container\" class=\"frm_form_field form-field  frm_top_container frm6 frm_first\">\r\n\t<label for=\"field_wa254\" id=\"field_wa254_label\" class=\"frm_primary_label\">Lieu \/ Location\r\n\t\t<span class=\"frm_required\" aria-hidden=\"true\"><\/span>\r\n\t<\/label>\r\n\t<input type=\"text\" id=\"field_wa254\" name=\"item_meta[13]\" value=\"\"  placeholder=\"Lieu \/ Location\" data-invmsg=\"Lieu \/ Location est non valide\" aria-invalid=\"false\"  \/>\r\n\t\r\n\t\r\n<\/div>\n<div id=\"frm_field_14_container\" class=\"frm_form_field form-field  frm_top_container frm6\">\r\n\t<label for=\"field_xi0qr\" id=\"field_xi0qr_label\" class=\"frm_primary_label\">Type de projet \/ Project type\r\n\t\t<span class=\"frm_required\" aria-hidden=\"true\"><\/span>\r\n\t<\/label>\r\n\t\t\t<select name=\"item_meta[14]\" id=\"field_xi0qr\"  placeholder=\"Type de projet \/ Project type\" data-invmsg=\"Type de projet \/ Project type est non valide\" aria-invalid=\"false\"  >\n\t\t<option  class=\"frm-select-placeholder\" value=\"\" data-placeholder=\"true\">Type de projet \/ Project type<\/option><option  value=\"Mariage \/ Wedding\">Mariage \/ Wedding<\/option><option  value=\"Portrait\">Portrait<\/option><option  value=\"Autre \/ Other\">Autre \/ Other<\/option>\t<\/select>\n\t\r\n\t\r\n\t\r\n<\/div>\n<div id=\"frm_field_15_container\" class=\"frm_form_field form-field  frm_top_container\">\r\n\t<label for=\"field_h6m2r\" id=\"field_h6m2r_label\" class=\"frm_primary_label\">Date de votre mariage \/ Date of your wedding\r\n\t\t<span class=\"frm_required\" aria-hidden=\"true\"><\/span>\r\n\t<\/label>\r\n\t<input type=\"text\" id=\"field_h6m2r\" name=\"item_meta[15]\" value=\"\"  data-invmsg=\"Date de votre mariage \/ Date of your wedding est non valide\" aria-invalid=\"false\"  \/>\r\n\t\r\n\t\r\n<\/div>\n<div id=\"frm_field_16_container\" class=\"frm_form_field form-field  frm_required_field frm_top_container\">\r\n\t<label for=\"field_yp9tt\" id=\"field_yp9tt_label\" class=\"frm_primary_label\">Votre Message \/ Your Message \r\n\t\t<span class=\"frm_required\" aria-hidden=\"true\">*<\/span>\r\n\t<\/label>\r\n\t<textarea name=\"item_meta[16]\" id=\"field_yp9tt\" rows=\"5\"  placeholder=\"Racontez moi votre histoire \/ Tell me your story\" data-reqmsg=\"Votre Message \/ Your Message  ne peut pas \u00eatre vide.\" aria-required=\"true\" data-invmsg=\"Votre Message \/ Your Message  is invalid\" aria-invalid=\"false\"  ><\/textarea>\r\n\t\r\n\t\r\n<\/div>\n<div id=\"frm_field_17_container\" class=\"frm_form_field form-field  frm_none_container frm6 frm_first\">\r\n\t<label for=\"g-recaptcha-response\" id=\"field_nsla2_label\" class=\"frm_primary_label\">Captcha\r\n\t\t<span class=\"frm_required\" aria-hidden=\"true\"><\/span>\r\n\t<\/label>\r\n\t<div  id=\"field_nsla2\" class=\"frm-g-recaptcha\" data-sitekey=\"6LdKLR4sAAAAAIK4PuyIr1wJizRhMaHGaf_GgtIh\" data-size=\"invisible\" data-theme=\"light\"><\/div>\r\n\t\r\n\t\r\n<\/div>\n<div id=\"frm_field_7_container\" class=\"frm_form_field form-field  frm6\">\r\n\t<div class=\"frm_submit frm_flex\">\r\n<button class=\"frm_button_submit\" type=\"submit\"  >Envoyer<\/button>\r\n\r\n\r\n\r\n<\/div>\r\n<\/div>\n\t<input type=\"hidden\" name=\"item_key\" value=\"\" \/>\n\t\t\t<div id=\"frm_field_18_container\">\n\t\t\t<label for=\"field_9ss7o\" >\n\t\t\t\tIf you are human, leave this field blank.\t\t\t<\/label>\n\t\t\t<input  id=\"field_9ss7o\" type=\"text\" class=\"frm_form_field form-field frm_verify\" name=\"item_meta[18]\" value=\"\"  \/>\n\t\t<\/div>\n\t\t<input name=\"frm_state\" type=\"hidden\" value=\"mFjZ9U6BURKITnRSyoOyl4QlJQusBJ9Bv4opWUB97os=\" \/><\/div>\n<\/fieldset>\n<\/div>\n\n<\/form>\n<\/div>\n[\/et_pb_code][et_pb_text _builder_version=\u00a0\u00bb4.27.4&Prime; _module_preset=\u00a0\u00bbdefault\u00a0\u00bb global_colors_info=\u00a0\u00bb{}\u00a0\u00bb]<\/p>\n<p style=\"text-align: center;\">Je couvre \u00e9galement vos \u00e9v\u00e9nements familiaux (Bapt\u00eame, Anniversaire, EVJF) sur devis.<\/p>\n<p style=\"text-align: center;\">Racontez-moi votre projet dans le formulaire.<\/p>\n<p>[\/et_pb_text][\/et_pb_column][\/et_pb_row][\/et_pb_section]<\/p>\n","protected":false},"excerpt":{"rendered":"<p>PARLEZ-MOI DE VOTRE PROJET Chaque histoire commence par une rencontre. Dites-moi tout sur la v\u00f4tre.CONTACT &amp; DISPONIBILIT\u00c9SJe r\u00e9ponds personnellement \u00e0 toutes les demandes sous 24h \u00e0 48h. Si vous n&rsquo;avez pas de r\u00e9ponse pass\u00e9 ce d\u00e9lai, pensez \u00e0 v\u00e9rifier vos spams.\ud83d\udce7 contact@florianfrison.com \ud83d\udcde 06 82 90 14 36 \ud83d\udccd Bas\u00e9 \u00e0 Mallemort (13) ou Chamb\u00e9ry [&hellip;]<\/p>\n","protected":false},"author":1,"featured_media":0,"parent":0,"menu_order":0,"comment_status":"closed","ping_status":"closed","template":"","meta":{"_et_pb_use_builder":"on","_et_pb_old_content":"","_et_gb_content_width":"","footnotes":""},"class_list":["post-35","page","type-page","status-publish","hentry"],"yoast_head":"<!-- This site is optimized with the Yoast SEO plugin v27.4 - https:\/\/yoast.com\/product\/yoast-seo-wordpress\/ -->\n<title>Contact &amp; R\u00e9servation | Florian Frison Provence Savoie<\/title>\n<meta name=\"description\" content=\"Pr\u00eats \u00e0 vivre l&#039;exp\u00e9rience ? Mariage en Provence, Savoie ou ailleurs. V\u00e9rifiez mes disponibilit\u00e9s et obtenez un devis personnalis\u00e9.\" \/>\n<meta name=\"robots\" content=\"index, follow, max-snippet:-1, max-image-preview:large, max-video-preview:-1\" \/>\n<link rel=\"canonical\" href=\"https:\/\/florianfrison.com\/en\/contact\/\" \/>\n<meta property=\"og:locale\" content=\"en_GB\" \/>\n<meta property=\"og:type\" content=\"article\" \/>\n<meta property=\"og:title\" content=\"Contact &amp; R\u00e9servation | Florian Frison Provence Savoie\" \/>\n<meta property=\"og:description\" content=\"Pr\u00eats \u00e0 vivre l&#039;exp\u00e9rience ? Mariage en Provence, Savoie ou ailleurs. V\u00e9rifiez mes disponibilit\u00e9s et obtenez un devis personnalis\u00e9.\" \/>\n<meta property=\"og:url\" content=\"https:\/\/florianfrison.com\/en\/contact\/\" \/>\n<meta property=\"og:site_name\" content=\"Florian FRISON - Photography\" \/>\n<meta property=\"article:publisher\" content=\"https:\/\/www.facebook.com\/Flotographie73000\" \/>\n<meta property=\"article:modified_time\" content=\"2026-04-03T16:38:47+00:00\" \/>\n<meta name=\"twitter:card\" content=\"summary_large_image\" \/>\n<meta name=\"twitter:site\" content=\"@flotographie73\" \/>\n<script type=\"application\/ld+json\" class=\"yoast-schema-graph\">{\"@context\":\"https:\\\/\\\/schema.org\",\"@graph\":[{\"@type\":\"WebPage\",\"@id\":\"https:\\\/\\\/florianfrison.com\\\/contact\\\/\",\"url\":\"https:\\\/\\\/florianfrison.com\\\/contact\\\/\",\"name\":\"Contact & R\u00e9servation | Florian Frison Provence Savoie\",\"isPartOf\":{\"@id\":\"https:\\\/\\\/florianfrison.com\\\/#website\"},\"datePublished\":\"2025-11-28T15:06:36+00:00\",\"dateModified\":\"2026-04-03T16:38:47+00:00\",\"description\":\"Pr\u00eats \u00e0 vivre l'exp\u00e9rience ? Mariage en Provence, Savoie ou ailleurs. V\u00e9rifiez mes disponibilit\u00e9s et obtenez un devis personnalis\u00e9.\",\"breadcrumb\":{\"@id\":\"https:\\\/\\\/florianfrison.com\\\/contact\\\/#breadcrumb\"},\"inLanguage\":\"en-GB\",\"potentialAction\":[{\"@type\":\"ReadAction\",\"target\":[\"https:\\\/\\\/florianfrison.com\\\/contact\\\/\"]}]},{\"@type\":\"BreadcrumbList\",\"@id\":\"https:\\\/\\\/florianfrison.com\\\/contact\\\/#breadcrumb\",\"itemListElement\":[{\"@type\":\"ListItem\",\"position\":1,\"name\":\"Home\",\"item\":\"https:\\\/\\\/florianfrison.com\\\/\"},{\"@type\":\"ListItem\",\"position\":2,\"name\":\"CONTACT\"}]},{\"@type\":\"WebSite\",\"@id\":\"https:\\\/\\\/florianfrison.com\\\/#website\",\"url\":\"https:\\\/\\\/florianfrison.com\\\/\",\"name\":\"Florian FRISON - Photography\",\"description\":\"Photographe de Mariage &amp; Lifestyle \u2013 Provence &amp; Savoie\",\"publisher\":{\"@id\":\"https:\\\/\\\/florianfrison.com\\\/#organization\"},\"alternateName\":\"Florian FRISON\",\"potentialAction\":[{\"@type\":\"SearchAction\",\"target\":{\"@type\":\"EntryPoint\",\"urlTemplate\":\"https:\\\/\\\/florianfrison.com\\\/?s={search_term_string}\"},\"query-input\":{\"@type\":\"PropertyValueSpecification\",\"valueRequired\":true,\"valueName\":\"search_term_string\"}}],\"inLanguage\":\"en-GB\"},{\"@type\":\"Organization\",\"@id\":\"https:\\\/\\\/florianfrison.com\\\/#organization\",\"name\":\"Florian FRISON - Photography\",\"alternateName\":\"Florian FRISON\",\"url\":\"https:\\\/\\\/florianfrison.com\\\/\",\"logo\":{\"@type\":\"ImageObject\",\"inLanguage\":\"en-GB\",\"@id\":\"https:\\\/\\\/florianfrison.com\\\/#\\\/schema\\\/logo\\\/image\\\/\",\"url\":\"https:\\\/\\\/florianfrison.com\\\/wp-content\\\/uploads\\\/2025\\\/11\\\/LogoNoircompresse.png\",\"contentUrl\":\"https:\\\/\\\/florianfrison.com\\\/wp-content\\\/uploads\\\/2025\\\/11\\\/LogoNoircompresse.png\",\"width\":500,\"height\":389,\"caption\":\"Florian FRISON - Photography\"},\"image\":{\"@id\":\"https:\\\/\\\/florianfrison.com\\\/#\\\/schema\\\/logo\\\/image\\\/\"},\"sameAs\":[\"https:\\\/\\\/www.facebook.com\\\/Flotographie73000\",\"https:\\\/\\\/x.com\\\/flotographie73\",\"https:\\\/\\\/www.instagram.com\\\/florianfrisonphoto\\\/\",\"https:\\\/\\\/www.linkedin.com\\\/company\\\/69712919\"]}]}<\/script>\n<!-- \/ Yoast SEO plugin. -->","yoast_head_json":{"title":"Contact & R\u00e9servation | Florian Frison Provence Savoie","description":"Pr\u00eats \u00e0 vivre l'exp\u00e9rience ? Mariage en Provence, Savoie ou ailleurs. V\u00e9rifiez mes disponibilit\u00e9s et obtenez un devis personnalis\u00e9.","robots":{"index":"index","follow":"follow","max-snippet":"max-snippet:-1","max-image-preview":"max-image-preview:large","max-video-preview":"max-video-preview:-1"},"canonical":"https:\/\/florianfrison.com\/en\/contact\/","og_locale":"en_GB","og_type":"article","og_title":"Contact & R\u00e9servation | Florian Frison Provence Savoie","og_description":"Pr\u00eats \u00e0 vivre l'exp\u00e9rience ? Mariage en Provence, Savoie ou ailleurs. V\u00e9rifiez mes disponibilit\u00e9s et obtenez un devis personnalis\u00e9.","og_url":"https:\/\/florianfrison.com\/en\/contact\/","og_site_name":"Florian FRISON - Photography","article_publisher":"https:\/\/www.facebook.com\/Flotographie73000","article_modified_time":"2026-04-03T16:38:47+00:00","twitter_card":"summary_large_image","twitter_site":"@flotographie73","schema":{"@context":"https:\/\/schema.org","@graph":[{"@type":"WebPage","@id":"https:\/\/florianfrison.com\/contact\/","url":"https:\/\/florianfrison.com\/contact\/","name":"Contact & R\u00e9servation | Florian Frison Provence Savoie","isPartOf":{"@id":"https:\/\/florianfrison.com\/#website"},"datePublished":"2025-11-28T15:06:36+00:00","dateModified":"2026-04-03T16:38:47+00:00","description":"Pr\u00eats \u00e0 vivre l'exp\u00e9rience ? Mariage en Provence, Savoie ou ailleurs. V\u00e9rifiez mes disponibilit\u00e9s et obtenez un devis personnalis\u00e9.","breadcrumb":{"@id":"https:\/\/florianfrison.com\/contact\/#breadcrumb"},"inLanguage":"en-GB","potentialAction":[{"@type":"ReadAction","target":["https:\/\/florianfrison.com\/contact\/"]}]},{"@type":"BreadcrumbList","@id":"https:\/\/florianfrison.com\/contact\/#breadcrumb","itemListElement":[{"@type":"ListItem","position":1,"name":"Home","item":"https:\/\/florianfrison.com\/"},{"@type":"ListItem","position":2,"name":"CONTACT"}]},{"@type":"WebSite","@id":"https:\/\/florianfrison.com\/#website","url":"https:\/\/florianfrison.com\/","name":"Florian FRISON - Photography","description":"Wedding &amp; Lifestyle Photographer \u2013 Provence &amp; French Alps","publisher":{"@id":"https:\/\/florianfrison.com\/#organization"},"alternateName":"Florian FRISON","potentialAction":[{"@type":"SearchAction","target":{"@type":"EntryPoint","urlTemplate":"https:\/\/florianfrison.com\/?s={search_term_string}"},"query-input":{"@type":"PropertyValueSpecification","valueRequired":true,"valueName":"search_term_string"}}],"inLanguage":"en-GB"},{"@type":"Organization","@id":"https:\/\/florianfrison.com\/#organization","name":"Florian FRISON - Photography","alternateName":"Florian FRISON","url":"https:\/\/florianfrison.com\/","logo":{"@type":"ImageObject","inLanguage":"en-GB","@id":"https:\/\/florianfrison.com\/#\/schema\/logo\/image\/","url":"https:\/\/florianfrison.com\/wp-content\/uploads\/2025\/11\/LogoNoircompresse.png","contentUrl":"https:\/\/florianfrison.com\/wp-content\/uploads\/2025\/11\/LogoNoircompresse.png","width":500,"height":389,"caption":"Florian FRISON - Photography"},"image":{"@id":"https:\/\/florianfrison.com\/#\/schema\/logo\/image\/"},"sameAs":["https:\/\/www.facebook.com\/Flotographie73000","https:\/\/x.com\/flotographie73","https:\/\/www.instagram.com\/florianfrisonphoto\/","https:\/\/www.linkedin.com\/company\/69712919"]}]}},"_links":{"self":[{"href":"https:\/\/florianfrison.com\/en\/wp-json\/wp\/v2\/pages\/35","targetHints":{"allow":["GET"]}}],"collection":[{"href":"https:\/\/florianfrison.com\/en\/wp-json\/wp\/v2\/pages"}],"about":[{"href":"https:\/\/florianfrison.com\/en\/wp-json\/wp\/v2\/types\/page"}],"author":[{"embeddable":true,"href":"https:\/\/florianfrison.com\/en\/wp-json\/wp\/v2\/users\/1"}],"replies":[{"embeddable":true,"href":"https:\/\/florianfrison.com\/en\/wp-json\/wp\/v2\/comments?post=35"}],"version-history":[{"count":7,"href":"https:\/\/florianfrison.com\/en\/wp-json\/wp\/v2\/pages\/35\/revisions"}],"predecessor-version":[{"id":1120,"href":"https:\/\/florianfrison.com\/en\/wp-json\/wp\/v2\/pages\/35\/revisions\/1120"}],"wp:attachment":[{"href":"https:\/\/florianfrison.com\/en\/wp-json\/wp\/v2\/media?parent=35"}],"curies":[{"name":"wp","href":"https:\/\/api.w.org\/{rel}","templated":true}]}}